{"id":5877,"date":"2017-12-22T04:51:32","date_gmt":"2017-12-22T06:51:32","guid":{"rendered":"http:\/\/franciscohue.com.br\/?page_id=5877"},"modified":"2017-12-22T05:09:11","modified_gmt":"2017-12-22T07:09:11","slug":"premios","status":"publish","type":"page","link":"https:\/\/franciscohue.com.br\/?page_id=5877","title":{"rendered":"Pr\u00eamios"},"content":{"rendered":"<p>[vc_row row_onepage_id=&#8221;#premios&#8221; css=&#8221;.vc_custom_1513925618593{padding-top: 40px !important;}&#8221; el_id=&#8221;premios&#8221;][vc_column width=&#8221;1\/4&#8243;][vc_column_text]<\/p>\n<h2>Pr\u00eamios e Mostras<\/h2>\n<p>[\/vc_column_text][\/vc_column][vc_column width=&#8221;1\/4&#8243;][vc_column_text]<strong>P\u00e1tio de Sa\u00edda<\/strong><br \/>\n<small>CasaCor Rio 2012<\/small>[\/vc_column_text][vc_column_text]<strong>Est\u00fadio de Fotografia<\/strong><br \/>\n<small>Bienal SP 2005 Interior design<br \/>\nResid\u00eancia e est\u00fadio fotogr\u00e1fico<\/small>[\/vc_column_text][\/vc_column][vc_column width=&#8221;1\/4&#8243;][vc_column_text]<strong>Cobertura Edif\u00edcio Ceppas<\/strong><br \/>\n<small> 39\u00aa Premia\u00e7\u00e3o anual IAB RJ | 2001<br \/>\nProjeto de reforma e constru\u00e7\u00e3o de pavilh\u00e3o em edif\u00edcio \u00edcone do movimento moderno carioca. Penthouse redesign on an iconic modern building<\/small>[\/vc_column_text][\/vc_column][vc_column width=&#8221;1\/4&#8243;][vc_column_text]<strong>Galeria de Arte H.A.P.<\/strong><br \/>\n<small>Men\u00e7\u00e3o Honrosa na 39\u00aa Premia\u00e7\u00e3o Anual IAB RJ | 2001. Bienal-SP 2003 Galeria de Arte. Art Galery<\/small>[\/vc_column_text][\/vc_column][\/vc_row][vc_row css=&#8221;.vc_custom_1508959508153{padding-top: 15px !important;}&#8221;][vc_column width=&#8221;1\/4&#8243;][vc_column_text]<strong>Theatro Municipal do Rio de Janeiro<\/strong><br \/>\n<small>Men\u00e7\u00e3o Honrosa na 48\u00aa Premia\u00e7\u00e3o anual IAB RJ | 2010. Projeto de Requalifica\u00e7\u00e3o das Instala\u00e7\u00f5es e Infraestrutura<\/small>[\/vc_column_text][\/vc_column][vc_column width=&#8221;1\/4&#8243;][vc_column_text]<strong>Cobertura Edif\u00edcio Ceppas<\/strong><br \/>\n<small> 39\u00aa Premia\u00e7\u00e3o anual IAB RJ | 2001. Projeto de reforma e constru\u00e7\u00e3o de pavilh\u00e3o em edif\u00edcio \u00edcone do movimento moderno carioca. Penthouse redesign on an iconic modern building<\/small>[\/vc_column_text][\/vc_column][vc_column width=&#8221;1\/4&#8243;][vc_column_text]<strong>Pavilh\u00e3o Bettings \u2013 Presid\u00eancia JCB<\/strong><br \/>\n<small>2\u00ba pr\u00eamio pela ASBEA\/RJ 2015 na categoria \u201cProjetos de Restauro e Conserva\u00e7\u00e3o de Edifica\u00e7\u00f5es e S\u00edtios Hist\u00f3ricos\u201d<\/small>[\/vc_column_text][\/vc_column][vc_column width=&#8221;1\/4&#8243;][vc_column_text]<strong>Pra\u00e7a Cayru Salvador BA<\/strong><small><br \/>\n2\u00aa Lugar no Concurso P\u00fablico Nacional IAB-BA | 2001. Projeto de Requalifica\u00e7\u00e3o da Pra\u00e7a Cayru. Cayru Plaza renovation<\/small>[\/vc_column_text][\/vc_column][\/vc_row]<\/p>\n","protected":false},"excerpt":{"rendered":"<p>[vc_row row_onepage_id=&#8221;#premios&#8221; css=&#8221;.vc_custom_1513925618593{padding-top: 40px !important;}&#8221; el_id=&#8221;premios&#8221;][vc_column width=&#8221;1\/4&#8243;][vc_column_text] Pr\u00eamios e Mostras [\/vc_column_text][\/vc_column][vc_column width=&#8221;1\/4&#8243;][vc_column_text]P\u00e1tio de Sa\u00edda CasaCor Rio 2012[\/vc_column_text][vc_column_text]Est\u00fadio de Fotografia Bienal SP 2005 Interior design Resid\u00eancia e est\u00fadio fotogr\u00e1fico[\/vc_column_text][\/vc_column][vc_column width=&#8221;1\/4&#8243;][vc_column_text]Cobertura Edif\u00edcio&#8230;<\/p>\n","protected":false},"author":1,"featured_media":0,"parent":0,"menu_order":0,"comment_status":"closed","ping_status":"closed","template":"","meta":[],"_links":{"self":[{"href":"https:\/\/franciscohue.com.br\/index.php?rest_route=\/wp\/v2\/pages\/5877"}],"collection":[{"href":"https:\/\/franciscohue.com.br\/index.php?rest_route=\/wp\/v2\/pages"}],"about":[{"href":"https:\/\/franciscohue.com.br\/index.php?rest_route=\/wp\/v2\/types\/page"}],"author":[{"embeddable":true,"href":"https:\/\/franciscohue.com.br\/index.php?rest_route=\/wp\/v2\/users\/1"}],"replies":[{"embeddable":true,"href":"https:\/\/franciscohue.com.br\/index.php?rest_route=%2Fwp%2Fv2%2Fcomments&post=5877"}],"version-history":[{"count":2,"href":"https:\/\/franciscohue.com.br\/index.php?rest_route=\/wp\/v2\/pages\/5877\/revisions"}],"predecessor-version":[{"id":5879,"href":"https:\/\/franciscohue.com.br\/index.php?rest_route=\/wp\/v2\/pages\/5877\/revisions\/5879"}],"wp:attachment":[{"href":"https:\/\/franciscohue.com.br\/index.php?rest_route=%2Fwp%2Fv2%2Fmedia&parent=5877"}],"curies":[{"name":"wp","href":"https:\/\/api.w.org\/{rel}","templated":true}]}}