{"id":5649,"date":"2017-11-29T19:04:50","date_gmt":"2017-11-29T21:04:50","guid":{"rendered":"http:\/\/comargumento.com.br\/westclima\/?page_id=5649"},"modified":"2017-12-22T05:07:20","modified_gmt":"2017-12-22T07:07:20","slug":"casa-brasileira","status":"publish","type":"page","link":"https:\/\/franciscohue.com.br\/?page_id=5649","title":{"rendered":"Casa Brasileira"},"content":{"rendered":"<p>[vc_row][vc_column width=&#8221;1\/2&#8243;]<div class=\"mgt-images-slider mgt-images-slider-85417106 wpb_content_element\">\r\n\t\t<div class=\"mgt-images-slider-items\"><div class=\"mgt-images-slider-item\"><img src=\"https:\/\/franciscohue.com.br\/wp-content\/uploads\/2017\/11\/557546_388349504563909_23181873_n.jpg\" alt=\"\"\/><\/div><div class=\"mgt-images-slider-item\"><img src=\"https:\/\/franciscohue.com.br\/wp-content\/uploads\/2017\/11\/283719_388349487897244_609185150_n.jpg\" alt=\"\"\/><\/div><div class=\"mgt-images-slider-item\"><img src=\"https:\/\/franciscohue.com.br\/wp-content\/uploads\/2017\/11\/558222_388349534563906_1957862462_n.jpg\" alt=\"\"\/><\/div><\/div>\r\n\t<\/div><script>(function($){\r\n            $(document).ready(function() {\r\n\t\t\t   $(\".mgt-images-slider.mgt-images-slider-85417106 .mgt-images-slider-items\").on(\"init\", function(slick){\r\n\t\t\t\t\t$(\".mgt-images-slider.mgt-images-slider-85417106 .mgt-images-slider-items\").show();\r\n\t\t\t\t});\r\n\r\n               $(\".mgt-images-slider.mgt-images-slider-85417106 .mgt-images-slider-items\").slick({\r\n               \t  pauseOnHover: false,\r\n\t\t\t\t  infinite: true,\r\n\t\t\t\t  autoplay: true,\r\n  \t\t\t\t  autoplaySpeed: 2000,\r\n\t\t\t\t  slidesToShow: 1,\r\n\t\t\t\t  slidesToScroll: 1,\r\n\t\t\t\t  arrows: true,\r\n\t\t\t\t  dots: true,\r\n\t\t\t\t  speed: 300,\r\n\t\t\t\t  centerMode: false,\r\n\t\t\t\t  centerPadding: \"60px\",\r\n  \t\t\t\t  variableWidth: false,\r\n  \t\t\t\t  adaptiveHeight: false,\r\n  \t\t\t\t  fade: false,\r\n  \t\t\t\t  cssEase: \"ease\",\r\n  \t\t\t\t  vertical: false,\r\n  \t\t\t\t  responsive: [\r\n\t\t\t\t    {\r\n\t\t\t\t      breakpoint: 1024,\r\n\t\t\t\t      settings: {\r\n\t\t\t\t        slidesToShow: 1,\r\n\t\t\t\t        slidesToScroll: 1,\r\n\t\t\t\t        infinite: true,\r\n\t\t\t\t        dots: true\r\n\t\t\t\t      }\r\n\t\t\t\t    },\r\n\t\t\t\t    {\r\n\t\t\t\t      breakpoint: 600,\r\n\t\t\t\t      settings: {\r\n\t\t\t\t        slidesToShow: 1,\r\n\t\t\t\t        slidesToScroll: 1\r\n\t\t\t\t      }\r\n\t\t\t\t    },\r\n\t\t\t\t    {\r\n\t\t\t\t      breakpoint: 480,\r\n\t\t\t\t      settings: {\r\n\t\t\t\t        slidesToShow: 1,\r\n\t\t\t\t        slidesToScroll: 1\r\n\t\t\t\t      }\r\n\t\t\t\t    }\r\n\t\t\t\t  ]\r\n\t\t\t\t});\r\n\r\n\t\t\t\t\r\n                \r\n            });})(jQuery);<\/script>[\/vc_column][vc_column width=&#8221;1\/2&#8243;][vc_column_text]Resumo do epis\u00f3dio: O arquiteto Jorge Hue, nascido em 1923, projetou e restaurou igrejas, pal\u00e1cios, museus, fazendas e resid\u00eancias que s\u00e3o refer\u00eancias de eleg\u00e2ncia e tradi\u00e7\u00e3o do morar brasileiro. Uma fam\u00edlia carioca dedicada \u00e0 arquitetura: Jorge Hue, especialista em restauro e preserva\u00e7\u00e3o de bens culturais \u2013 nas palavras do amigo Sergio Rodrigues \u201cum int\u00e9rprete da conviv\u00eancia brasileira\u201d- e seus filhos, o designer de interiores Jos\u00e9 Hue e o arquiteto Francisco Eduardo Hue. Da vasta obra de Jorge, conhecemos casas de campo, praia e cidade, al\u00e9m de fazendas centen\u00e1rias restauradas pelo arquiteto. Jos\u00e9 Hue nos leva ao Outeiro da Gloria para apresentar seu apartamento e suas cole\u00e7\u00f5es. Com Francisco Eduardo percorremos alguns de seus projetos no Rio de Janeiro. Visitamos Jorge em seu apartamento no Parque Guinle, num dos edif\u00edcios criados por Lucio Costa \u2013 grande mestre da arquitetura brasileira- de quem Jorge foi grande amigo. \u201cLucio Costa foi meu pai espiritual\u201d, diz Jorge. No mesmo Parque Guinle, Georgiana de Moraes, filha de Vinicius, nos fala de suas mem\u00f3rias de crian\u00e7a, no antigo apartamento que foi de seu pai; o diretor de fotografia Walter Carvalho, tamb\u00e9m morador do local, nos explica como filmar o interior de uma casa e fala da import\u00e2ncia da luz para a felicidade.<\/p>\n<p><a href=\"https:\/\/globosatplay.globo.com\/gnt\/v\/3081076\/\">https:\/\/globosatplay.globo.com\/gnt\/v\/3081076\/<\/a><\/p>\n<p><a href=\"http:\/\/gnt.globo.com\/programas\/casa-brasileira\/episodios\/1438.htm\">http:\/\/gnt.globo.com\/programas\/casa-brasileira\/episodios\/1438.htm<\/a>[\/vc_column_text][\/vc_column][\/vc_row]<\/p>\n","protected":false},"excerpt":{"rendered":"<p>[vc_row][vc_column width=&#8221;1\/2&#8243;][\/vc_column][vc_column width=&#8221;1\/2&#8243;][vc_column_text]Resumo do epis\u00f3dio: O arquiteto Jorge Hue, nascido em 1923, projetou e restaurou igrejas, pal\u00e1cios, museus, fazendas e resid\u00eancias que s\u00e3o refer\u00eancias de eleg\u00e2ncia e tradi\u00e7\u00e3o do morar&#8230;<\/p>\n","protected":false},"author":1,"featured_media":0,"parent":0,"menu_order":0,"comment_status":"closed","ping_status":"closed","template":"","meta":[],"_links":{"self":[{"href":"https:\/\/franciscohue.com.br\/index.php?rest_route=\/wp\/v2\/pages\/5649"}],"collection":[{"href":"https:\/\/franciscohue.com.br\/index.php?rest_route=\/wp\/v2\/pages"}],"about":[{"href":"https:\/\/franciscohue.com.br\/index.php?rest_route=\/wp\/v2\/types\/page"}],"author":[{"embeddable":true,"href":"https:\/\/franciscohue.com.br\/index.php?rest_route=\/wp\/v2\/users\/1"}],"replies":[{"embeddable":true,"href":"https:\/\/franciscohue.com.br\/index.php?rest_route=%2Fwp%2Fv2%2Fcomments&post=5649"}],"version-history":[{"count":2,"href":"https:\/\/franciscohue.com.br\/index.php?rest_route=\/wp\/v2\/pages\/5649\/revisions"}],"predecessor-version":[{"id":5654,"href":"https:\/\/franciscohue.com.br\/index.php?rest_route=\/wp\/v2\/pages\/5649\/revisions\/5654"}],"wp:attachment":[{"href":"https:\/\/franciscohue.com.br\/index.php?rest_route=%2Fwp%2Fv2%2Fmedia&parent=5649"}],"curies":[{"name":"wp","href":"https:\/\/api.w.org\/{rel}","templated":true}]}}