{"id":5600,"date":"2017-11-29T18:29:49","date_gmt":"2017-11-29T20:29:49","guid":{"rendered":"http:\/\/comargumento.com.br\/westclima\/?page_id=5600"},"modified":"2017-12-22T05:07:08","modified_gmt":"2017-12-22T07:07:08","slug":"au-arquitetura-urbanismo","status":"publish","type":"page","link":"https:\/\/franciscohue.com.br\/?page_id=5600","title":{"rendered":"AU Arquitetura Urbanismo"},"content":{"rendered":"<p>Edi\u00e7\u00e3o Maio 2007 &#8211; Perspectivas Internas<\/p>\n<p>[vc_column]<div class=\"mgt-images-slider mgt-images-slider-centered mgt-images-slider-40410880 wpb_content_element\">\r\n\t\t<div class=\"mgt-images-slider-items\"><div class=\"mgt-images-slider-item\"><img src=\"https:\/\/franciscohue.com.br\/wp-content\/uploads\/2017\/11\/AU2007-Francisco-Hue-1.jpg\" alt=\"\"\/><\/div><div class=\"mgt-images-slider-item\"><img src=\"https:\/\/franciscohue.com.br\/wp-content\/uploads\/2017\/11\/AU2007-Francisco-Hue-2.jpg\" alt=\"\"\/><\/div><div class=\"mgt-images-slider-item\"><img src=\"https:\/\/franciscohue.com.br\/wp-content\/uploads\/2017\/11\/AU2007-Francisco-Hue-6.jpg\" alt=\"\"\/><\/div><div class=\"mgt-images-slider-item\"><img src=\"https:\/\/franciscohue.com.br\/wp-content\/uploads\/2017\/11\/AU2007-Francisco-Hue-7.jpg\" alt=\"\"\/><\/div><\/div>\r\n\t<\/div><script>(function($){\r\n            $(document).ready(function() {\r\n\t\t\t   $(\".mgt-images-slider.mgt-images-slider-40410880 .mgt-images-slider-items\").on(\"init\", function(slick){\r\n\t\t\t\t\t$(\".mgt-images-slider.mgt-images-slider-40410880 .mgt-images-slider-items\").show();\r\n\t\t\t\t});\r\n\r\n               $(\".mgt-images-slider.mgt-images-slider-40410880 .mgt-images-slider-items\").slick({\r\n               \t  pauseOnHover: false,\r\n\t\t\t\t  infinite: true,\r\n\t\t\t\t  autoplay: true,\r\n  \t\t\t\t  autoplaySpeed: 2000,\r\n\t\t\t\t  slidesToShow: 3,\r\n\t\t\t\t  slidesToScroll: 1,\r\n\t\t\t\t  arrows: true,\r\n\t\t\t\t  dots: true,\r\n\t\t\t\t  speed: 300,\r\n\t\t\t\t  centerMode: true,\r\n\t\t\t\t  centerPadding: \"80px\",\r\n  \t\t\t\t  variableWidth: false,\r\n  \t\t\t\t  adaptiveHeight: false,\r\n  \t\t\t\t  fade: false,\r\n  \t\t\t\t  cssEase: \"ease\",\r\n  \t\t\t\t  vertical: false,\r\n  \t\t\t\t  responsive: [\r\n\t\t\t\t    {\r\n\t\t\t\t      breakpoint: 1024,\r\n\t\t\t\t      settings: {\r\n\t\t\t\t        slidesToShow: 1,\r\n\t\t\t\t        slidesToScroll: 1,\r\n\t\t\t\t        infinite: true,\r\n\t\t\t\t        dots: true\r\n\t\t\t\t      }\r\n\t\t\t\t    },\r\n\t\t\t\t    {\r\n\t\t\t\t      breakpoint: 600,\r\n\t\t\t\t      settings: {\r\n\t\t\t\t        slidesToShow: 1,\r\n\t\t\t\t        slidesToScroll: 1\r\n\t\t\t\t      }\r\n\t\t\t\t    },\r\n\t\t\t\t    {\r\n\t\t\t\t      breakpoint: 480,\r\n\t\t\t\t      settings: {\r\n\t\t\t\t        slidesToShow: 1,\r\n\t\t\t\t        slidesToScroll: 1\r\n\t\t\t\t      }\r\n\t\t\t\t    }\r\n\t\t\t\t  ]\r\n\t\t\t\t});\r\n\r\n\t\t\t\t\r\n                \r\n            });})(jQuery);<\/script>[\/vc_column]<\/p>\n<p>Edi\u00e7\u00e3o Dezembro 2002 &#8211; Reflex\u00f5es Urbanas<\/p>\n<p>[vc_column]<div class=\"mgt-images-slider mgt-images-slider-centered mgt-images-slider-38158533 wpb_content_element\">\r\n\t\t<div class=\"mgt-images-slider-items\"><div class=\"mgt-images-slider-item\"><img src=\"https:\/\/franciscohue.com.br\/wp-content\/uploads\/2017\/11\/AU2002-Francisco-Hue-1.jpg\" alt=\"\"\/><\/div><div class=\"mgt-images-slider-item\"><img src=\"https:\/\/franciscohue.com.br\/wp-content\/uploads\/2017\/11\/AU2002-Francisco-Hue-2.jpg\" alt=\"\"\/><\/div><\/div>\r\n\t<\/div><script>(function($){\r\n            $(document).ready(function() {\r\n\t\t\t   $(\".mgt-images-slider.mgt-images-slider-38158533 .mgt-images-slider-items\").on(\"init\", function(slick){\r\n\t\t\t\t\t$(\".mgt-images-slider.mgt-images-slider-38158533 .mgt-images-slider-items\").show();\r\n\t\t\t\t});\r\n\r\n               $(\".mgt-images-slider.mgt-images-slider-38158533 .mgt-images-slider-items\").slick({\r\n               \t  pauseOnHover: false,\r\n\t\t\t\t  infinite: true,\r\n\t\t\t\t  autoplay: true,\r\n  \t\t\t\t  autoplaySpeed: 2000,\r\n\t\t\t\t  slidesToShow: 2,\r\n\t\t\t\t  slidesToScroll: 1,\r\n\t\t\t\t  arrows: true,\r\n\t\t\t\t  dots: true,\r\n\t\t\t\t  speed: 300,\r\n\t\t\t\t  centerMode: true,\r\n\t\t\t\t  centerPadding: \"80px\",\r\n  \t\t\t\t  variableWidth: false,\r\n  \t\t\t\t  adaptiveHeight: false,\r\n  \t\t\t\t  fade: false,\r\n  \t\t\t\t  cssEase: \"ease\",\r\n  \t\t\t\t  vertical: false,\r\n  \t\t\t\t  responsive: [\r\n\t\t\t\t    {\r\n\t\t\t\t      breakpoint: 1024,\r\n\t\t\t\t      settings: {\r\n\t\t\t\t        slidesToShow: 1,\r\n\t\t\t\t        slidesToScroll: 1,\r\n\t\t\t\t        infinite: true,\r\n\t\t\t\t        dots: true\r\n\t\t\t\t      }\r\n\t\t\t\t    },\r\n\t\t\t\t    {\r\n\t\t\t\t      breakpoint: 600,\r\n\t\t\t\t      settings: {\r\n\t\t\t\t        slidesToShow: 1,\r\n\t\t\t\t        slidesToScroll: 1\r\n\t\t\t\t      }\r\n\t\t\t\t    },\r\n\t\t\t\t    {\r\n\t\t\t\t      breakpoint: 480,\r\n\t\t\t\t      settings: {\r\n\t\t\t\t        slidesToShow: 1,\r\n\t\t\t\t        slidesToScroll: 1\r\n\t\t\t\t      }\r\n\t\t\t\t    }\r\n\t\t\t\t  ]\r\n\t\t\t\t});\r\n\r\n\t\t\t\t\r\n                \r\n            });})(jQuery);<\/script>[\/vc_column]<\/p>\n","protected":false},"excerpt":{"rendered":"<p>Edi\u00e7\u00e3o Maio 2007 &#8211; Perspectivas Internas [vc_column][\/vc_column] Edi\u00e7\u00e3o Dezembro 2002 &#8211; Reflex\u00f5es Urbanas [vc_column][\/vc_column]<\/p>\n","protected":false},"author":1,"featured_media":0,"parent":0,"menu_order":0,"comment_status":"closed","ping_status":"closed","template":"","meta":[],"_links":{"self":[{"href":"https:\/\/franciscohue.com.br\/index.php?rest_route=\/wp\/v2\/pages\/5600"}],"collection":[{"href":"https:\/\/franciscohue.com.br\/index.php?rest_route=\/wp\/v2\/pages"}],"about":[{"href":"https:\/\/franciscohue.com.br\/index.php?rest_route=\/wp\/v2\/types\/page"}],"author":[{"embeddable":true,"href":"https:\/\/franciscohue.com.br\/index.php?rest_route=\/wp\/v2\/users\/1"}],"replies":[{"embeddable":true,"href":"https:\/\/franciscohue.com.br\/index.php?rest_route=%2Fwp%2Fv2%2Fcomments&post=5600"}],"version-history":[{"count":1,"href":"https:\/\/franciscohue.com.br\/index.php?rest_route=\/wp\/v2\/pages\/5600\/revisions"}],"predecessor-version":[{"id":5615,"href":"https:\/\/franciscohue.com.br\/index.php?rest_route=\/wp\/v2\/pages\/5600\/revisions\/5615"}],"wp:attachment":[{"href":"https:\/\/franciscohue.com.br\/index.php?rest_route=%2Fwp%2Fv2%2Fmedia&parent=5600"}],"curies":[{"name":"wp","href":"https:\/\/api.w.org\/{rel}","templated":true}]}}